{"id":5782,"date":"2025-10-28T09:16:25","date_gmt":"2025-10-28T09:16:25","guid":{"rendered":"https:\/\/alkilea.es\/?page_id=5782"},"modified":"2025-11-07T12:37:40","modified_gmt":"2025-11-07T12:37:40","slug":"accesibilidad","status":"publish","type":"page","link":"https:\/\/alkilea.es\/en\/accesibilidad\/","title":{"rendered":"Accesibilidad"},"content":{"rendered":"<div id=\"fws_69e790f4e23f1\"  data-column-margin=\"default\" data-midnight=\"dark\" data-top-percent=\"5%\" data-bottom-percent=\"5%\"  class=\"wpb_row vc_row-fluid vc_row full-width-section vc_row-o-equal-height vc_row-flex vc_row-o-content-bottom parallax_section right_padding_5pct left_padding_5pct\"  style=\"padding-top: calc(100vw * 0.05); padding-bottom: calc(100vw * 0.05); \"><div class=\"row-bg-wrap\" data-bg-animation=\"fade-in\" data-bg-animation-delay=\"\" data-bg-overlay=\"false\"><div class=\"inner-wrap row-bg-layer\" ><div class=\"row-bg viewport-desktop\" data-parallax-speed=\"fast\" style=\"\"><\/div><\/div><\/div><div class=\"row_col_wrap_12 col span_12 dark left\">\n\t<div  class=\"vc_col-sm-12 wpb_column column_container vc_column_container col left_padding_desktop_2pct right_padding_desktop_2pct bottom_padding_desktop_2pct\"  data-padding-pos=\"all\" data-has-bg-color=\"false\" data-bg-color=\"\" data-bg-opacity=\"1\" data-animation=\"\" data-delay=\"0\" >\n\t\t<div class=\"vc_column-inner\" >\n\t\t\t<div class=\"wpb_wrapper\">\n\t\t\t\t<div class=\"nectar-responsive-text nectar-link-underline-effect\" data-inherit-heading-family=\"h2\"><h1>Declaraci\u00f3n de Accesibilidad<\/h1>\n<\/div>\n<div class=\"wpb_text_column wpb_content_element\" >\n\t<div class=\"wpb_wrapper\">\n\t\t<p><strong>GRUPO ALKILEA SL<\/strong> se ha comprometido a hacer accesibles sus sitios web de conformidad con el Real Decreto 1112\/2018, de 7 de septiembre, sobre accesibilidad de los sitios web y aplicaciones para dispositivos m\u00f3viles del sector p\u00fablico (en adelante, Real Decreto 1112\/2018, de 7 de septiembre).<\/p>\n<p>La presente declaraci\u00f3n de accesibilidad se aplica al sitio web <a href=\"https:\/\/alkilea.es\/en\/\">https:\/\/www.alkilea.es\/<\/a> (los subdominios de este sitio web tendr\u00e1n sus propias declaraciones de accesibilidad).<\/p>\n<h2>Situaci\u00f3n de cumplimiento<\/h2>\n<p>Este sitio web es plenamente conforme con el Real Decreto 1112\/2018, de 7 de septiembre, debido a la obtenci\u00f3n de una puntuaci\u00f3n media del sitio web de 10,00.<\/p>\n<h2>Preparaci\u00f3n de la presente declaraci\u00f3n de accesibilidad<\/h2>\n<p>La presente declaraci\u00f3n fue preparada el <strong>28 de octubre de 2025<\/strong>.<\/p>\n<p>El m\u00e9todo empleado para preparar la declaraci\u00f3n ha sido una autoevaluaci\u00f3n llevada a cabo por el propio organismo.<\/p>\n<p>\u00daltima revisi\u00f3n de la declaraci\u00f3n: <strong>28 de octubre de 2025<\/strong>.<\/p>\n<h3>Comunicaciones y contacto<\/h3>\n<p>Puede realizar comunicaciones sobre requisitos de accesibilidad (art\u00edculo 10.2.a del Real Decreto 1112\/2018, de 7 de septiembre), como por ejemplo:<\/p>\n<ul>\n<li>Informar sobre cualquier posible incumplimiento por parte de este sitio web.<\/li>\n<li>Transmitir otras dificultades de acceso al contenido.<\/li>\n<li>Formular cualquier otra consulta o sugerencia de mejora relativa a la accesibilidad del sitio web.<\/li>\n<\/ul>\n<p>Puede contactar a trav\u00e9s de las siguientes v\u00edas:<\/p>\n<ul>\n<li><strong>Correo electr\u00f3nico:<\/strong> <a href=\"mailto:info@alkilea.es\">info@alkilea.es<\/a><\/li>\n<li><strong>Tel\u00e9fono:<\/strong> +34 667 338 390<\/li>\n<\/ul>\n<p>Tambi\u00e9n puede solicitar en formato accesible informaci\u00f3n que no cumpla con los requisitos de accesibilidad, bien por estar excluida, bien por estar exenta por carga desproporcionada; o formular una queja por incumplimiento de los requisitos de accesibilidad.<\/p>\n<p><strong>Enlace al procedimiento de solicitud de informaci\u00f3n accesible y quejas<\/strong>, del art\u00edculo 12 del Real Decreto 1112\/2018, de 7 de septiembre.<\/p>\n<p>Las comunicaciones, solicitudes de informaci\u00f3n accesible y quejas deben dirigirse a la Subdirecci\u00f3n General de Servicios Web, Transparencia y Protecci\u00f3n de Datos (Secretar\u00eda General T\u00e9cnica), como unidad responsable de los contenidos de este sitio web.<\/p>\n<h2>Procedimiento de aplicaci\u00f3n<\/h2>\n<p>A trav\u00e9s de este procedimiento podr\u00e1:<\/p>\n<ul>\n<li>Iniciar una reclamaci\u00f3n para conocer y oponerse a los motivos de la desestimaci\u00f3n de una solicitud de informaci\u00f3n accesible o queja.<\/li>\n<li>Instar la adopci\u00f3n de medidas oportunas si no est\u00e1 de acuerdo con la decisi\u00f3n adoptada.<\/li>\n<li>Exponer las razones por las que considera que la respuesta no cumple con los requisitos exigidos.<\/li>\n<\/ul>\n<p><strong>Enlace al procedimiento de reclamaci\u00f3n<\/strong>, que debe dirigirse a la Subdirecci\u00f3n General de Servicios Web, Transparencia y Protecci\u00f3n de Datos, conforme establece el Real Decreto 1112\/2018.<\/p>\n\t<\/div>\n<\/div>\n\n\n\n\n\t\t\t<\/div> \n\t\t<\/div>\n\t<\/div> \n<\/div><\/div>","protected":false},"excerpt":{"rendered":"Declaraci\u00f3n de Accesibilidad GRUPO ALKILEA SL se ha comprometido a hacer accesibles sus sitios web de conformidad con el Real Decreto 1112\/2018, de 7 de septiembre, sobre accesibilidad de los...","protected":false},"author":1,"featured_media":0,"parent":0,"menu_order":0,"comment_status":"closed","ping_status":"closed","template":"","meta":{"footnotes":""},"class_list":["post-5782","page","type-page","status-publish"],"_links":{"self":[{"href":"https:\/\/alkilea.es\/en\/wp-json\/wp\/v2\/pages\/5782","targetHints":{"allow":["GET"]}}],"collection":[{"href":"https:\/\/alkilea.es\/en\/wp-json\/wp\/v2\/pages"}],"about":[{"href":"https:\/\/alkilea.es\/en\/wp-json\/wp\/v2\/types\/page"}],"author":[{"embeddable":true,"href":"https:\/\/alkilea.es\/en\/wp-json\/wp\/v2\/users\/1"}],"replies":[{"embeddable":true,"href":"https:\/\/alkilea.es\/en\/wp-json\/wp\/v2\/comments?post=5782"}],"version-history":[{"count":4,"href":"https:\/\/alkilea.es\/en\/wp-json\/wp\/v2\/pages\/5782\/revisions"}],"predecessor-version":[{"id":6074,"href":"https:\/\/alkilea.es\/en\/wp-json\/wp\/v2\/pages\/5782\/revisions\/6074"}],"wp:attachment":[{"href":"https:\/\/alkilea.es\/en\/wp-json\/wp\/v2\/media?parent=5782"}],"curies":[{"name":"wp","href":"https:\/\/api.w.org\/{rel}","templated":true}]}}