{"id":2132,"date":"2022-12-15T16:41:36","date_gmt":"2022-12-15T16:41:36","guid":{"rendered":"https:\/\/alkilea.es\/?page_id=2132"},"modified":"2025-02-28T17:12:06","modified_gmt":"2025-02-28T17:12:06","slug":"formulario-desistimiento","status":"publish","type":"page","link":"https:\/\/alkilea.es\/en\/formulario-desistimiento\/","title":{"rendered":"Formulario Desistimiento"},"content":{"rendered":"<h1>Formulario Desistimiento<\/h1>\n<p><b style=\"font-style: inherit; background-color: var(--ast-global-color-5); color: var(--ast-global-color-3);\">MODELO DE FORMULARIO DE DESISTIMIENTO&nbsp;<\/b><\/p>\n<p>(Este documento o carta solo se debe cumplimentar y enviar si desea desistir del contrato)&nbsp;<\/p>\n<p>Asunto: Desistimiento del contrato&nbsp;<\/p>\n<p>&nbsp;En:&#8230;&#8230;&#8230;&#8230;&#8230;&#8230;&#8230;&#8230;&#8230;&#8230;&#8230;.., a&#8230;&#8230;&#8230;&#8230;.\/&#8230;&#8230;&#8230;&#8230;&#8230;\/&#8230;&#8230;&#8230;&#8230;.&nbsp;<\/p>\n<p>A la atenci\u00f3n de: ANA MINGUET TORRES<\/p>\n<p>Correo electr\u00f3nico: info@alkilea.es<\/p>\n<p>&nbsp;<\/p>\n<p>Hola, a trav\u00e9s de este formulario te comunico que es mi deseo DESISTIR del contrato de venta del producto que relaciono en base al derecho de DESISTIMIENTO previsto en la Ley.<\/p>\n<p>He sido informado de que tengo 14 d\u00edas desde la compra para ejercitar este derecho, sin necesidad de justificaci\u00f3n:<\/p>\n<table cellspacing=\"0\" cellpadding=\"0\">\n<tbody>\n<tr>\n<td valign=\"middle\">\n<p>PRODUCTO<\/p>\n<\/td>\n<td valign=\"middle\">&nbsp;<\/td>\n<\/tr>\n<tr>\n<td valign=\"middle\">\n<p>DIA DE COMPRA<\/p>\n<\/td>\n<td valign=\"middle\">&nbsp;<\/td>\n<\/tr>\n<tr>\n<td valign=\"middle\">\n<p>NUMERO DE PEDIDO<\/p>\n<\/td>\n<td valign=\"middle\">&nbsp;<\/td>\n<\/tr>\n<tr>\n<td valign=\"middle\">\n<p>IMPORTE<\/p>\n<\/td>\n<td valign=\"middle\">&nbsp;<\/td>\n<\/tr>\n<\/tbody>\n<\/table>\n<p>Mis datos personales como consumidor usuario son:<\/p>\n<table cellspacing=\"0\" cellpadding=\"0\">\n<tbody>\n<tr>\n<td valign=\"middle\">\n<p>IDENTIFICACION<\/p>\n<\/td>\n<td valign=\"middle\">&nbsp;<\/td>\n<\/tr>\n<tr>\n<td valign=\"middle\">\n<p>DOMICILIO<\/p>\n<\/td>\n<td valign=\"middle\">&nbsp;<\/td>\n<\/tr>\n<tr>\n<td valign=\"middle\">\n<p>DNI-NIF-NIE DEL QUE SE ADJUNTA FOTOCOPIA<\/p>\n<\/td>\n<td valign=\"middle\">&nbsp;<\/td>\n<\/tr>\n<tr>\n<td valign=\"middle\">\n<p>CORREO ELECTRONICO<\/p>\n<\/td>\n<td valign=\"middle\">&nbsp;<\/td>\n<\/tr>\n<tr>\n<td valign=\"middle\">\n<p>TELEFONO<\/p>\n<\/td>\n<td valign=\"middle\">&nbsp;<\/td>\n<\/tr>\n<\/tbody>\n<\/table>\n<p>FIRMA: &nbsp;<\/p>\n<table cellspacing=\"0\" cellpadding=\"0\">\n<tbody>\n<tr>\n<td valign=\"middle\">\n<p><b>El tama\u00f1o de la letra debe tener un m\u00ednimo de un mil\u00edmetro y medio y el contraste con el fondo no debe hacer dif\u00edcil su lectura.<\/b><\/p>\n<\/td>\n<\/tr>\n<\/tbody>\n<\/table>","protected":false},"excerpt":{"rendered":"<p>Formulario Desistimiento MODELO DE FORMULARIO DE DESISTIMIENTO&nbsp; (Este documento o carta solo se debe cumplimentar y enviar si desea desistir del contrato)&nbsp; Asunto: Desistimiento del contrato&nbsp; &nbsp;En:&#8230;&#8230;&#8230;&#8230;&#8230;&#8230;&#8230;&#8230;&#8230;&#8230;&#8230;.., a&#8230;&#8230;&#8230;&#8230;.\/&#8230;&#8230;&#8230;&#8230;&#8230;\/&#8230;&#8230;&#8230;&#8230;.&nbsp; A la&#8230;<\/p>","protected":false},"author":1,"featured_media":0,"parent":0,"menu_order":0,"comment_status":"closed","ping_status":"closed","template":"","meta":{"footnotes":""},"class_list":["post-2132","page","type-page","status-publish"],"_links":{"self":[{"href":"https:\/\/alkilea.es\/en\/wp-json\/wp\/v2\/pages\/2132","targetHints":{"allow":["GET"]}}],"collection":[{"href":"https:\/\/alkilea.es\/en\/wp-json\/wp\/v2\/pages"}],"about":[{"href":"https:\/\/alkilea.es\/en\/wp-json\/wp\/v2\/types\/page"}],"author":[{"embeddable":true,"href":"https:\/\/alkilea.es\/en\/wp-json\/wp\/v2\/users\/1"}],"replies":[{"embeddable":true,"href":"https:\/\/alkilea.es\/en\/wp-json\/wp\/v2\/comments?post=2132"}],"version-history":[{"count":0,"href":"https:\/\/alkilea.es\/en\/wp-json\/wp\/v2\/pages\/2132\/revisions"}],"wp:attachment":[{"href":"https:\/\/alkilea.es\/en\/wp-json\/wp\/v2\/media?parent=2132"}],"curies":[{"name":"wp","href":"https:\/\/api.w.org\/{rel}","templated":true}]}}