{"id":2126,"date":"2022-12-15T16:20:22","date_gmt":"2022-12-15T16:20:22","guid":{"rendered":"https:\/\/alkilea.es\/?page_id=2126"},"modified":"2025-02-28T17:11:40","modified_gmt":"2025-02-28T17:11:40","slug":"formulario-consentimiento","status":"publish","type":"page","link":"https:\/\/alkilea.es\/en\/formulario-consentimiento\/","title":{"rendered":"Formulario Consentimiento"},"content":{"rendered":"<h1>Formularios Consentimiento Web Sociedad<\/h1>\n<p>PRIMER NIVEL<\/p>\n<table cellspacing=\"0\" cellpadding=\"0\">\n<tbody>\n<tr>\n<td colspan=\"2\" valign=\"middle\">\n<p>INFORMACION BASICA SOBRE PROTECCION DE DATOS<\/p>\n<\/p>\n<\/td>\n<\/tr>\n<tr>\n<td valign=\"middle\">\n<p>RESPONSABLE<\/p>\n<\/td>\n<td valign=\"middle\">\n<p>GRUPO ALKILEA SL<\/p>\n<\/td>\n<\/tr>\n<tr>\n<td valign=\"middle\">\n<p>FINALIDAD<\/p>\n<\/td>\n<td valign=\"middle\">\n<p>GESTIONAR EL ENVIO DE INFORMACION Y PROSPECCION COMERCIAL Y DAR ACCESO A LOS PRODUCTOS ONLINE<\/p>\n<\/td>\n<\/tr>\n<tr>\n<td valign=\"middle\">\n<p>LEGITIMACION<\/p>\n<\/td>\n<td valign=\"middle\">\n<p>CONSENTIMIENTO DEL INTERESADO<\/p>\n<\/td>\n<\/tr>\n<tr>\n<td valign=\"middle\">\n<p>DESTINATARIOS<\/p>\n<\/td>\n<td valign=\"middle\">\n<p>EMPRESAS PROVEEDORAS NACIONALES Y ENCARGADOS DE TRATAMIENTO ACOGIDOS A PRIVACY SHIELD<\/p>\n<\/td>\n<\/tr>\n<tr>\n<td valign=\"middle\">\n<p>DERECHOS<\/p>\n<\/td>\n<td valign=\"middle\">\n<p>ACCEDER, RECTIFICAR Y SUPRIMIR LOS DATOS, ASI COMO OTROS DERECHOS COMO SE EXPLICA EN LA INFORMACION ADICIONAL<\/p>\n<\/td>\n<\/tr>\n<tr>\n<td valign=\"middle\">\n<p>INFORMACION ADICIONAL<\/p>\n<\/td>\n<td valign=\"middle\">\n<p>PUEDES CONSULTAR LA INFORMACION ADICIONAL Y DETALLADA SOBRE PROTECCION DE DATOS EN NUESTRA PAGINA WEB www.alkilea.es&nbsp;<\/p>\n<\/p>\n<\/td>\n<\/tr>\n<\/tbody>\n<\/table>\n<p>SEGUNDO NIVEL<\/p>\n<table cellspacing=\"0\" cellpadding=\"0\">\n<tbody>\n<tr>\n<td valign=\"middle\">\n<p>CLAUSULA DE CONSENTIMIENTO INFORMADO DE SEGUNDO NIVEL<\/p>\n<\/td>\n<\/tr>\n<tr>\n<td valign=\"middle\">\n<p>Soy Ana Minguet Torres, Administradora de GRUPO ALKILEA SL y nos dedicamos a:<\/p>\n<table cellspacing=\"0\" cellpadding=\"0\">\n<tbody>\n<tr>\n<td valign=\"middle\">\n<p>LOS SERVICIOS DE ALQUILER Y PROMOCION INMOBILIARIA<\/p>\n<p>CURSOS ONLINE Y CONSULTORIAS<\/p>\n<\/td>\n<\/tr>\n<\/tbody>\n<\/table>\n<p>Si nos dejas tus datos personales los vamos a cuidar y vigilar de forma minuciosa.<\/p>\n<p>Solo vamos a ceder tus datos si la ley nos obliga, como es incluirte en nuestras declaraciones tributarias. &nbsp;<\/p>\n<p>Si los vamos a ceder a las empresas de nuestro grupo empresarial de las que seamos socios, si los necesitamos para facturar.<\/p>\n<p>Por cedernos tus datos, no vas a perder tus derechos ni vamos a usarlos de forma que te pueda perjudicar.&nbsp;<\/p>\n<p>Vamos a utilizar tus datos para que tengas acceso a nuestros servicios, de los que encontraras el detalle en esta web y tambi\u00e9n para todas las novedades que vamos a ir creando relacionadas con nuestra actividad.&nbsp;<\/p>\n<p>D\u00e1ndonos tus datos pasas a formar parte de nuestros clientesy por ello, vamos a tratarte seg\u00fan los valores de nuestra marca.&nbsp;<\/p>\n<p>El objetivo de este texto es que conozcas las condiciones de nuestra relaci\u00f3n. Si introduces tus datos y le das a \u201clo he entendido\u201d, significar\u00e1 que se ha producido el \u201cconsentimiento informado\u201d y que aceptas libremente nuestra nueva relaci\u00f3n.&nbsp;<\/p>\n<table cellspacing=\"0\" cellpadding=\"0\">\n<tbody>\n<tr>\n<td valign=\"middle\">\n<p>\u00bfQu\u00e9 vamos a hacer con tus datos?<\/p>\n<\/td>\n<\/tr>\n<tr>\n<td valign=\"middle\">\n<p>Los vamos a guardar siguiendo todas las normas que marca la Ley. Nuestro negocio se basa en los datos que tenemos, porque con ellos nos relacionamos contigo y damos acceso a las personas a nuestros productos.<\/p>\n<p>Si no deseas continuar relacion\u00e1ndote con nosotros, solo hace falta que nos env\u00edes un correo a info@alkilea.es diciendo que te quieres dar de baja y el sistema lo har\u00e1 de forma autom\u00e1tica.&nbsp;<\/p>\n<p>Pero si quieres pedir la portabilidad de tus datos a otro lugar, nuestra web est\u00e1 preparada para ello. Puedes enviar un correo con tu petici\u00f3n a&nbsp; info@alkilea.es y r\u00e1pidamente accederemos a tu petici\u00f3n y te daremos esa informaci\u00f3n en el formato adecuado.<\/p>\n<p>Tambi\u00e9n utilizaremos todo tipo de cookies que consideremos adecuados.<\/p>\n<p>Tambi\u00e9n te informamos que tienes derecho a solicitar una indemnizaci\u00f3n por el mal uso de tus datos, pero si clickas en \u201clo he entendido\u201d, renuncias a cualquier posible indemnizaci\u00f3n por ese derecho. No es que queramos&nbsp; evadirnuestras responsabilidades, ni mucho menos, pero ya sabes que la red no es segura, nos pueden ciber atacar y robarnos los datos sin que nos demos cuenta, no somos expertos inform\u00e1ticos, y nosotros solo podemos responder de aquello que hacemos de forma consciente o a veces inconsciente pero que salga de un acto propio.&nbsp;<\/p>\n<\/p>\n<\/td>\n<\/tr>\n<\/tbody>\n<\/table>\n<\/td>\n<\/tr>\n<\/tbody>\n<\/table>\n<p>EN LA CASILLA DEL CONSENTIMIENTO HA DE PONER:<\/p>\n<table cellspacing=\"0\" cellpadding=\"0\">\n<tbody>\n<tr>\n<td valign=\"middle\">\n<p>LO HE ENTENDIDO y doy el consentimiento informado. No he enviado previamente ning\u00fan correo a info@alkilea.es para aclarar dudas sobre todo lo que he le\u00eddo, porque no las tengo.<\/p>\n<\/td>\n<\/tr>\n<\/tbody>\n<\/table>\n<p>TERCER NIVEL<\/p>\n<table cellspacing=\"0\" cellpadding=\"0\">\n<tbody>\n<tr>\n<td valign=\"middle\">\n<ul>\n<li>\u00bfQui\u00e9n es el responsable del tratamiento de tus datos?<\/li>\n<\/ul>\n<p>Identidad: GRUPO ALKILEA&nbsp; SL<\/p>\n<p>DNI-NIF:&nbsp; B053137313<\/p>\n<p>Direcci\u00f3n postal: Avda de Peris i Valero 78-12&nbsp; VALENCIA&nbsp;<\/p>\n<p>Tel\u00e9fono:&nbsp; +34 619 23 81 13<\/p>\n<p>Correo electr\u00f3nico: info@alkilea.es &nbsp;<\/p>\n<p>Delegado Protecci\u00f3n de datos: ANA MINGUET TORRRES<\/p>\n<p>Contacto DPD:www.alkilea.es<\/p>\n<p>Inscrita la sociedad en el Registro Mercantil de Valencia, tomo 10973 , folio 25 , hoja&nbsp; V197701.<\/p>\n<\/p>\n<\/td>\n<\/tr>\n<\/tbody>\n<\/table>\n<table cellspacing=\"0\" cellpadding=\"0\">\n<tbody>\n<tr>\n<td valign=\"middle\">\n<p>2.- \u00bfCu\u00e1l es la finalidad del tratamiento de tus datos personales?<\/p>\n<p>En esta web tratamos la informaci\u00f3n que nos facilitan las personas interesadas con los siguientes fines:<\/p>\n<ul>\n<li>Con el fin de gestionar el env\u00edo de la informaci\u00f3n que nos soliciten.<\/li>\n<li>Facilitar y ofrecer a los interesados ofertas de productos y servicios de su inter\u00e9s.<\/li>\n<li>Mejorar su experiencia de usuario.<\/li>\n<\/ul>\n<p>Para cumplir estos fines elaboraremos un perfil comercial en base a la informaci\u00f3n facilitada.<\/p>\n<p>No se tomar\u00e1n decisiones automatizadas en base a los perfiles de la base de datos.<\/p>\n<p>S\u00ed se enviar\u00e1n correos electr\u00f3nicos automatizados, previamente programados por el titular de los datos o de sus proveedores de servicios o asalariados, con la finalidad de enviar la informaci\u00f3n de las novedades del blog, y de los productos comerciales que se ofrecer\u00e1n a trav\u00e9s de esta web, tanto si est\u00e1n alojados en ella como en plataformas de terceros proveedores de dicho servicio.<\/p>\n<p>Tambi\u00e9n utilizaremos todo tipo de cookies que consideremos adecuados a nuestra empresa.&nbsp;<\/p>\n<\/p>\n<\/td>\n<\/tr>\n<\/tbody>\n<\/table>\n<table cellspacing=\"0\" cellpadding=\"0\">\n<tbody>\n<tr>\n<td valign=\"middle\">\n<p>3.- \u00bfPor cu\u00e1nto tiempo conservaremos tus datos?<\/p>\n<p>Los datos personales proporcionados en la web se conservar\u00e1n durante un plazo de diez a\u00f1os a partir de la \u00faltima confirmaci\u00f3n de su inter\u00e9s. Tambi\u00e9n se conservar\u00e1n mientras se mantenga la relaci\u00f3n mercantil. Se har\u00e1n desaparecer cuando se solicite su supresi\u00f3n o portabilidad por el interesado.&nbsp;<\/p>\n<\/p>\n<\/td>\n<\/tr>\n<\/tbody>\n<\/table>\n<table cellspacing=\"0\" cellpadding=\"0\">\n<tbody>\n<tr>\n<td valign=\"middle\">\n<p>4.- Legitimaci\u00f3n<\/p>\n<p>El tratamiento de sus datos personales es necesario para el cumplimiento de las obligaciones legales derivadas de la normativa vigente, Ley Org\u00e1nica 3\/2018 de 5 diciembre.<\/p>\n<p>La base legal para el tratamiento de tus datos es la ejecuci\u00f3n de la suscripci\u00f3n online al blog o al formulario de contacto de la web.<\/p>\n<p>La oferta de productos y servicios est\u00e1 basada en el consentimiento que se le solicita, sin que en ning\u00fan caso la retirada de este consentimiento condicione la ejecuci\u00f3n de servicios o la entrega de productos pendientes.<\/p>\n<\/td>\n<\/tr>\n<\/tbody>\n<\/table>\n<table cellspacing=\"0\" cellpadding=\"0\">\n<tbody>\n<tr>\n<td valign=\"middle\">\n<p>5.- Destinatarios a los que se comunicar\u00e1n tus datos<\/p>\n<p>Los datos recogidos a trav\u00e9s de esta web se comunicaran a otras empresas del grupo empresarial para fines administrativos internos, incluido el tratamiento de datos personales de clientes o empleados.<\/p>\n<p>A quien se comuniquen los datos dispondr\u00e1n de&nbsp; normas corporativas vinculantes aprobadas por el Comit\u00e9 Europeo de protecci\u00f3n de datos.<\/p>\n<p>Nuestra empresa contrata su infraestructura virtual seg\u00fan un modelo de \u201ccomputaci\u00f3n en la nube\u201d al amparo del acuerdo EU-US PrivacyShield.&nbsp;<\/p>\n<\/p>\n<\/td>\n<\/tr>\n<\/tbody>\n<\/table>\n<table cellspacing=\"0\" cellpadding=\"0\">\n<tbody>\n<tr>\n<td valign=\"middle\">\n<p>6.- \u00bfCu\u00e1les son tus derechos cuando nos facilitas tus datos?<\/p>\n<p>Cualquier persona tiene derecho a obtener la confirmaci\u00f3n sobre si nuestra empresa est\u00e1 tratando datos personales que les conciernan o no.<\/p>\n<p>Las personas interesadas tienen derecho a acceder a sus datos personales, as\u00ed como a solicitar la rectificaci\u00f3n de los datos inexactos o, en su caso, solicitar su supresi\u00f3n cuando entre otros motivos, los datos ya no sean necesarios para los fines que fueron recogidos.<\/p>\n<p>En determinadas circunstancias, los interesados podr\u00e1n solicitar la limitaci\u00f3n del tratamiento de sus datos, en cuyo caso \u00fanicamente los conservaremos para el ejercicio o la defensa de reclamaciones.&nbsp;<\/p>\n<p>En determinadas circunstancias y por motivos relacionados con su situaci\u00f3n particular, los interesados podr\u00e1n oponerse al tratamiento de sus datos. Nuestra empresa dejara de tratar los datos, salvo por motivos leg\u00edtimos imperiosos o el ejercicio o la defensa de posibles reclamaciones.&nbsp;<\/p>\n<\/td>\n<\/tr>\n<\/tbody>\n<\/table>\n<table cellspacing=\"0\" cellpadding=\"0\">\n<tbody>\n<tr>\n<td valign=\"middle\">\n<p>7.- \u00bfC\u00f3mo hemos obtenido tus datos?<\/p>\n<p>Los datos personales que tratamos en nuestra empresa proceden o bien de la propia web, correo electr\u00f3nico, mensajer\u00eda instant\u00e1nea o correo postal de nuestra empresa o de empresas del grupo.<\/p>\n<p>Las categor\u00edas de datos que tratamos son:<\/p>\n<ul>\n<li>Datos de identificaci\u00f3n<\/li>\n<li>C\u00f3digos o claves de identificaci\u00f3n<\/li>\n<li>Direcciones postales o electr\u00f3nicas<\/li>\n<li>Informaci\u00f3n comercial<\/li>\n<li>Datos econ\u00f3micos<\/li>\n<\/ul>\n<p>Tambi\u00e9n informamos que no obtenemos datos especialmente protegidos de forma habitual.<\/p>\n<p>Si llegan a nuestra empresa datos especialmente protegidos los protegeremos de acuerdo con la normativa vigente.&nbsp;<\/p>\n<\/td>\n<\/tr>\n<\/tbody>\n<\/table>\n<p>El tama\u00f1o de la letra debe tener un m\u00ednimo de un mil\u00edmetro y medio y el contraste con el fondo no debe hacer dif\u00edcil su lectura.<\/p><\/p>","protected":false},"excerpt":{"rendered":"<p>Formularios Consentimiento Web Sociedad PRIMER NIVEL INFORMACION BASICA SOBRE PROTECCION DE DATOS RESPONSABLE GRUPO ALKILEA SL FINALIDAD GESTIONAR EL ENVIO DE INFORMACION Y PROSPECCION COMERCIAL Y DAR ACCESO A LOS&#8230;<\/p>","protected":false},"author":1,"featured_media":0,"parent":0,"menu_order":0,"comment_status":"closed","ping_status":"closed","template":"","meta":{"footnotes":""},"class_list":["post-2126","page","type-page","status-publish"],"_links":{"self":[{"href":"https:\/\/alkilea.es\/en\/wp-json\/wp\/v2\/pages\/2126","targetHints":{"allow":["GET"]}}],"collection":[{"href":"https:\/\/alkilea.es\/en\/wp-json\/wp\/v2\/pages"}],"about":[{"href":"https:\/\/alkilea.es\/en\/wp-json\/wp\/v2\/types\/page"}],"author":[{"embeddable":true,"href":"https:\/\/alkilea.es\/en\/wp-json\/wp\/v2\/users\/1"}],"replies":[{"embeddable":true,"href":"https:\/\/alkilea.es\/en\/wp-json\/wp\/v2\/comments?post=2126"}],"version-history":[{"count":0,"href":"https:\/\/alkilea.es\/en\/wp-json\/wp\/v2\/pages\/2126\/revisions"}],"wp:attachment":[{"href":"https:\/\/alkilea.es\/en\/wp-json\/wp\/v2\/media?parent=2126"}],"curies":[{"name":"wp","href":"https:\/\/api.w.org\/{rel}","templated":true}]}}